{"id":22,"date":"2020-09-28T10:57:26","date_gmt":"2020-09-28T08:57:26","guid":{"rendered":"http:\/\/dramagroup.com\/?page_id=22"},"modified":"2026-01-02T15:55:13","modified_gmt":"2026-01-02T14:55:13","slug":"past-production","status":"publish","type":"page","link":"https:\/\/dramagroup.com\/?page_id=22","title":{"rendered":"Past Productions"},"content":{"rendered":"\n<h2 class=\"wp-block-heading\"><strong>Chronological list of Plays by director <\/strong><\/h2>\n\n\n\n<p>The Drama Group\u2019s very first play-readings in the 1960\u2019s performed at the old Hotel Metropole were <strong>Dear Octopus<\/strong> and <strong>The Importance of Being Earnest<\/strong>. The 1970\u2019s saw readings of <strong>The Constant Wife<\/strong>, <strong>Candida<\/strong>, <strong>The Chalk Garden<\/strong> and their first stage play <strong>Love\u2019s a Luxury<\/strong> was performed at La Salle des Vari\u00e9t\u00e9s in 1974 followed by subsequent productions which are shown in the table below:<\/p>\n\n\n\n<figure class=\"wp-block-table\"><table><tbody><tr><td><strong>Dates<\/strong><\/td><td><strong>Play<\/strong><\/td><td><strong>Theatre<\/strong><\/td><td><strong>Director<\/strong><\/td><\/tr><tr><td>1974<\/td><td>Love&#8217;s a Luxury<\/td><td>Th\u00e9\u00e2tre des Vari\u00e9t\u00e9s<\/td><td><\/td><\/tr><tr><td>1974<\/td><td>Boeing-Boeing<\/td><td><\/td><td><\/td><\/tr><tr><td>1975<\/td><td>See How They Run<\/td><td><\/td><td><\/td><\/tr><tr><td>1975<\/td><td>The Man Most Likely To<\/td><td><\/td><td><\/td><\/tr><tr><td>1976<\/td><td>The Importance of Being Earnest<\/td><td><\/td><td><\/td><\/tr><tr><td>1976<\/td><td>The Ghost Train<\/td><td><\/td><td><\/td><\/tr><tr><td>1977<\/td><td>Darling, I&#8217;m Home<\/td><td><\/td><td><\/td><\/tr><tr><td>1977<\/td><td>Separate Tables<\/td><td><\/td><td><\/td><\/tr><tr><td>1978<\/td><td>Murder at the Vicarage<\/td><td><\/td><td><\/td><\/tr><tr><td>1978<\/td><td>The Cherry Orchard<\/td><td><\/td><td><\/td><\/tr><tr><td>1978<\/td><td>For You<\/td><td><\/td><td><\/td><\/tr><tr><td>1979<\/td><td>Table Manners<\/td><td><\/td><td><\/td><\/tr><tr><td>1979<\/td><td>Waters of the Moon<\/td><td><\/td><td><\/td><\/tr><tr><td>1980<\/td><td>Chapeau to a Decade<\/td><td><\/td><td><\/td><\/tr><tr><td>1980<\/td><td>When We Are Married<\/td><td><\/td><td><\/td><\/tr><tr><td>1980<\/td><td>Habeas Corpus<\/td><td><\/td><td><\/td><\/tr><tr><td>1981<\/td><td>Time Goes By<\/td><td><\/td><td><\/td><\/tr><tr><td>1981<\/td><td>The Hollow Crown<\/td><td><\/td><td><\/td><\/tr><tr><td>1981<\/td><td>The Heiress<\/td><td><\/td><td><\/td><\/tr><tr><td>1981<\/td><td>Suddenly at Home<\/td><td><\/td><td><\/td><\/tr><tr><td>1982<\/td><td>Old Friends and New Faces<\/td><td><\/td><td><\/td><\/tr><tr><td>1982<\/td><td>Blithe Spirit<\/td><td><\/td><td><\/td><\/tr><tr><td>1982<\/td><td>Play for Yesterday<\/td><td><\/td><td><\/td><\/tr><tr><td>1983<\/td><td>The Breath of <br>Spring<\/td><td>Th\u00e9atre Princesse <br>Grace<\/td><td>John Bromley<\/td><\/tr><tr><td>1983<\/td><td>A Phoenix too Frequent<\/td><td><\/td><td><\/td><\/tr><tr><td>1983<\/td><td>Day in the Death of Joe Egg<\/td><td>Th\u00e9atre Princesse <br>Grace<\/td><td>John Bromley<\/td><\/tr><tr><td>1984<\/td><td>A Bedfull of Foreigners<\/td><td>Th\u00e9atre Princesse <br>Grace<\/td><td>John Bromley<\/td><\/tr><tr><td>1984<\/td><td>Confusions<\/td><td><\/td><td><\/td><\/tr><tr><td>1985<\/td><td>Someone Waiting<\/td><td><\/td><td><\/td><\/tr><tr><td>1985<\/td><td>Twelfth Night<\/td><td>Fort Antoine<\/td><td>John Bromley<\/td><\/tr><tr><td>1985<\/td><td>Not Now Darling!<\/td><td><\/td><td><\/td><\/tr><tr><td>1986<\/td><td>The Wisdom of Eve<\/td><td>Th\u00e9atre Princesse Grace<\/td><td>John Bromley<\/td><\/tr><tr><td>1986<\/td><td>Midsummer Night&#8217;s Dream<\/td><td>Fort Antoine &amp; Roquebrune<\/td><td>John Bromley<\/td><\/tr><tr><td>1986<\/td><td>Move Over Mrs. Markham<\/td><td><\/td><td><\/td><\/tr><tr><td>1987<\/td><td>The Chalk Garden<\/td><td>Th\u00e9atre Princesse<br>Grace<\/td><td>John Bromley<\/td><\/tr><tr><td>1987<\/td><td>Romeo and Juliet<\/td><td><\/td><td><\/td><\/tr><tr><td>1987<\/td><td>The Killing of Sister George<\/td><td>Th\u00e9atre Princesse Grace<\/td><td>John Bromley<\/td><\/tr><tr><td>1988<\/td><td>Bedroom Farce<\/td><td><\/td><td><\/td><\/tr><tr><td>1988<\/td><td>As You Like It<br><\/td><td>Th\u00e9atre Princesse Grace<\/td><td>John Bromley<\/td><\/tr><tr><td>1988<\/td><td>Play On<\/td><td>Th\u00e9atre Princesse Grace<\/td><td>John Bromley<\/td><\/tr><tr><td>1989<\/td><td>The Anniversary<\/td><td><\/td><td><\/td><\/tr><tr><td>1989<\/td><td>Comedy of Errors<\/td><td>Th\u00e9atre Princesse Grace<\/td><td>John Bromley<\/td><\/tr><tr><td>1989<\/td><td>Night of  16 January<\/td><td>Th\u00e9atre Princesse Grace<\/td><td>John Bromley<\/td><\/tr><tr><td>1990<\/td><td>Family Planning<\/td><td><\/td><td><\/td><\/tr><tr><td>1990<\/td><td>All&#8217;s Well That Ends Well<\/td><td>Fort Antoine &amp; Roquebrune<\/td><td>John Bromley<\/td><\/tr><tr><td>1990<\/td><td>Elephant Man<\/td><td>Th\u00e9atre Princesse Grace<\/td><td>Pat Lo Verde<\/td><\/tr><tr><td>1991<\/td><td>Dracula<\/td><td>Fort Antoine &amp; Roquebrune<\/td><td>Ann Batt<\/td><\/tr><tr><td>1991<\/td><td>How the Other half loves<\/td><td>Th\u00e9atre Princesse Grace<\/td><td>Pat Lo Verde<\/td><\/tr><tr><td>1992<\/td><td>Wuthering Heights<\/td><td>Roquebrune<\/td><td>Ann Batt<\/td><\/tr><tr><td>1992<\/td><td>Arsenic &amp; Old Lace<\/td><td>Th\u00e9atre Princesse Grace<\/td><td>Pat Lo Verde<\/td><\/tr><tr><td>1993<\/td><td>The Foreigner<\/td><td>Salle des Vari\u00e9t\u00e9s<\/td><td>John Bromley<\/td><\/tr><tr><td>1994<\/td><td>Macbeth<\/td><td>Fort Antoine &amp; Roquebrune<\/td><td>Roger Batt<\/td><\/tr><tr><td>1994<\/td><td>Run For Your Wife<\/td><td>Salle des Vari\u00e9t\u00e9s<\/td><td>John Bromley<\/td><\/tr><tr><td>1995<\/td><td>Talking Heads<\/td><td>Salle des Vari\u00e9t\u00e9s<\/td><td>Pat Lo Verde<\/td><\/tr><tr><td>1995<\/td><td>The Merchant of Venice<\/td><td>Fort Antoine &amp; Roquebrune<\/td><td>Ann Batt<\/td><\/tr><tr><td>1995<\/td><td>Evening of Wit, Humour &amp; Comedy<\/td><td>Salle des Vari\u00e9t\u00e9s<\/td><td>John Bromley<\/td><\/tr><tr><td>1996<\/td><td>Dangerous Liasons<\/td><td>Salle des Vari\u00e9t\u00e9s<\/td><td>Roger Batt<\/td><\/tr><tr><td>1996<\/td><td>Aladdin<\/td><td>Salle des Vari\u00e9t\u00e9s<\/td><td>Ann Batt<\/td><\/tr><tr><td>1997<\/td><td>Blood Brothers<\/td><td>Roquebrune<\/td><td>Ann Batt<\/td><\/tr><tr><td>1997<\/td><td>Cinderella<\/td><td>Salle des Vari\u00e9t\u00e9s<\/td><td>Ann Batt<\/td><\/tr><tr><td>1998<\/td><td>Goldilocks and the 3 Bears<\/td><td>Salle des Vari\u00e9t\u00e9s<\/td><td>Ann Batt<\/td><\/tr><tr><td>1999<\/td><td>Henry V<\/td><td>Roquebrune<\/td><td>Roger Batt<\/td><\/tr><tr><td>1999<\/td><td>Sinbad the Sailor<\/td><td>Salle des Vari\u00e9t\u00e9s<\/td><td>Ann Batt<\/td><\/tr><tr><td>2000<\/td><td>Cinderella gets a fella<\/td><td>Salle des Vari\u00e9t\u00e9s<\/td><td>Ann Batt<\/td><\/tr><tr><td>2001<\/td><td>Treasure Island<\/td><td>Salle des Vari\u00e9t\u00e9s<\/td><td>Ann Batt<\/td><\/tr><tr><td>2002<\/td><td>Golden Haggis<\/td><td>Salle des Vari\u00e9t\u00e9s<\/td><td>Ann Batt<\/td><\/tr><tr><td>2003<\/td><td>Bluebeard<\/td><td>Salle des Vari\u00e9t\u00e9s<\/td><td>Ann Batt<\/td><\/tr><tr><td>2005<\/td><td>Snow White<\/td><td>Salle des Vari\u00e9t\u00e9s<\/td><td>Ann Batt<\/td><\/tr><tr><td>2019<\/td><td>Relatively Speaking<\/td><td>The Green Room<\/td><td>Audrey Baxter<\/td><\/tr><tr><td>2019<\/td><td>A Christmas Carol<\/td><td>Auditorium Coll\u00e8ge Charles III<\/td><td>Miranda Dawe<\/td><\/tr><tr><td>2021<\/td><td>A Christmas Carol<\/td><td>Salle des Vari\u00e9t\u00e9s<\/td><td>Miranda Dawe &amp; Andrew Riley<\/td><\/tr><tr><td>2022<\/td><td>Drama Group Madness: Getting Away with it<br>(Incl. The Cat&#8217;s Mother)<\/td><td>Fort Antoine<\/td><td>Andrew Riley<\/td><\/tr><tr><td>2022<\/td><td>Classic Comedy Evening!<\/td><td>The Green Room<\/td><td>Lynn Sharpe<\/td><\/tr><tr><td>2022<\/td><td>Goldilocks and the Three Bears<\/td><td>Salle des Vari\u00e9t\u00e9s<\/td><td>Miranda Dawe &amp; Andrew Riley<\/td><\/tr><tr><td>2023<\/td><td>Love&#8217;s a Luxury<\/td><td>The Green Room<\/td><td>Andrea Pucnik, Miranda Dawe &amp; Andrew Riley<\/td><\/tr><tr><td>2023<\/td><td>Cinderella the Pantomime<\/td><td>Salle des Vari\u00e9t\u00e9s<\/td><td>Miranda Dawe &amp; Andrew Riley<\/td><\/tr><tr><td>2024<\/td><td>The Cat&#8217;s Mother<\/td><td>St John&#8217;s Library (Menton)<\/td><td>Andrew Riley<\/td><\/tr><tr><td>2024<\/td><td>Things I Know to be True<\/td><td>The Green Room<\/td><td>Miranda Dawe &amp; Andrew Riley<\/td><\/tr><tr><td>2025<\/td><td>The Unfriend<\/td><td>The Green Room<\/td><td>Miranda Dawe &amp; Andrew Riley<\/td><\/tr><tr><td>2025<\/td><td>Aladdin the Pantomime<\/td><td>Salle des Vari\u00e9t\u00e9s<\/td><td>Miranda Dawe &amp; Andrew Riley<\/td><\/tr><\/tbody><\/table><\/figure>\n\n\n\n<h6 class=\"wp-block-heading has-text-align-center\">\u2026\u2026\u2026.. and sometimes there was Caf\u00e9 Th\u00e9atre\u2026\u2026\u2026\u2026<\/h6>\n\n\n\n<figure class=\"wp-block-table\"><table><tbody><tr><td>1998<\/td><td>Faustus<\/td><td>St-Paul&#8217;s Church<\/td><td>Roger Batt<\/td><\/tr><tr><td>1999<\/td><td>\u2018Allo \u2018Allo                       <\/td><td>Bistroquet<\/td><td>Ann Batt<\/td><\/tr><tr><td>2000<\/td><td>A Man For All Seasons<\/td><td>St-Paul&#8217;s Church<\/td><td>Roger Batt<\/td><\/tr><tr><td>2002<\/td><td>Art<\/td><td>Columbus<\/td><td>Ann Batt<\/td><\/tr><tr><td>2003<\/td><td>Abridged Shakespeare<\/td><td>Beaulieu<\/td><td>SRK<\/td><\/tr><tr><td>2004<\/td><td>Abridged Bible<\/td><td>Beaulieu<\/td><td>SRK<\/td><\/tr><tr><td>2004<\/td><td>Feathers and Boas<\/td><td>Bistroquet<\/td><td>CMN<\/td><\/tr><tr><td>2005<\/td><td>An Evening with Panache<\/td><td>Caf\u00e9 de Paris<\/td><td>CMN<\/td><\/tr><\/tbody><\/table><\/figure>\n\n\n\n<h6 class=\"wp-block-heading has-text-align-center\">\u2026\u2026\u2026.. Our Youth Theatre Productions \u2026\u2026\u2026\u2026<\/h6>\n\n\n\n<figure class=\"wp-block-table\"><table><tbody><tr><td>2021<\/td><td>James &amp; the Giant Peach     <\/td><td> Online<\/td><td>Jane Dubuisson <\/td><\/tr><tr><td>2021<\/td><td>Monologues<\/td><td> Online<\/td><td>Youth Theatre Team<\/td><\/tr><tr><td>2022<\/td><td>Drama Group Madness:<br>Getting Away with it<br>(Incl. A Lucky Find and Lamb to the Slaughter)<\/td><td>Fort Antoine                  <\/td><td>Youth Theatre Team                 <\/td><\/tr><tr><td>2024<\/td><td>The Adventure of the Christmas Pudding and selected pieces<\/td><td>The Green Room<\/td><td>Youth Theatre Team<\/td><\/tr><tr><td>2025<\/td><td>The Trials<\/td><td>Auditorium Coll\u00e8ge Charles III<\/td><td>Miranda Dawe &amp; Andrew Riley<\/td><\/tr><\/tbody><\/table><\/figure>\n\n\n\n<h2 class=\"wp-block-heading\">Posters<\/h2>\n\n\n\n<p>A collection of our recent production posters!<\/p>\n\n\n\n<figure class=\"wp-block-gallery has-nested-images columns-default is-cropped wp-block-gallery-1 is-layout-flex wp-block-gallery-is-layout-flex\">\n<figure class=\"wp-block-image size-large\"><img loading=\"lazy\" decoding=\"async\" width=\"724\" height=\"1024\" data-id=\"459\" src=\"https:\/\/dramagroup.com\/wp-content\/uploads\/2025\/09\/Aladdin-724x1024.png\" alt=\"\" class=\"wp-image-459\" srcset=\"https:\/\/dramagroup.com\/wp-content\/uploads\/2025\/09\/Aladdin-724x1024.png 724w, https:\/\/dramagroup.com\/wp-content\/uploads\/2025\/09\/Aladdin-212x300.png 212w, https:\/\/dramagroup.com\/wp-content\/uploads\/2025\/09\/Aladdin-768x1086.png 768w, https:\/\/dramagroup.com\/wp-content\/uploads\/2025\/09\/Aladdin-1086x1536.png 1086w, https:\/\/dramagroup.com\/wp-content\/uploads\/2025\/09\/Aladdin-1448x2048.png 1448w, https:\/\/dramagroup.com\/wp-content\/uploads\/2025\/09\/Aladdin-1200x1698.png 1200w, https:\/\/dramagroup.com\/wp-content\/uploads\/2025\/09\/Aladdin.png 1587w\" sizes=\"auto, (max-width: 724px) 85vw, 724px\" \/><\/figure>\n\n\n\n<figure class=\"wp-block-image size-large\"><img loading=\"lazy\" decoding=\"async\" width=\"724\" height=\"1024\" data-id=\"443\" src=\"https:\/\/dramagroup.com\/wp-content\/uploads\/2025\/05\/the-unfriend-by-724x1024.jpg\" alt=\"\" class=\"wp-image-443\" srcset=\"https:\/\/dramagroup.com\/wp-content\/uploads\/2025\/05\/the-unfriend-by-724x1024.jpg 724w, https:\/\/dramagroup.com\/wp-content\/uploads\/2025\/05\/the-unfriend-by-212x300.jpg 212w, https:\/\/dramagroup.com\/wp-content\/uploads\/2025\/05\/the-unfriend-by-768x1086.jpg 768w, https:\/\/dramagroup.com\/wp-content\/uploads\/2025\/05\/the-unfriend-by-1086x1536.jpg 1086w, https:\/\/dramagroup.com\/wp-content\/uploads\/2025\/05\/the-unfriend-by-1448x2048.jpg 1448w, https:\/\/dramagroup.com\/wp-content\/uploads\/2025\/05\/the-unfriend-by-1200x1698.jpg 1200w, https:\/\/dramagroup.com\/wp-content\/uploads\/2025\/05\/the-unfriend-by.jpg 1587w\" sizes=\"auto, (max-width: 724px) 85vw, 724px\" \/><\/figure>\n\n\n\n<figure class=\"wp-block-image size-large\"><img loading=\"lazy\" decoding=\"async\" width=\"724\" height=\"1024\" data-id=\"431\" src=\"https:\/\/dramagroup.com\/wp-content\/uploads\/2025\/04\/THE-TRIALS-1-724x1024.png\" alt=\"\" class=\"wp-image-431\" srcset=\"https:\/\/dramagroup.com\/wp-content\/uploads\/2025\/04\/THE-TRIALS-1-724x1024.png 724w, https:\/\/dramagroup.com\/wp-content\/uploads\/2025\/04\/THE-TRIALS-1-212x300.png 212w, https:\/\/dramagroup.com\/wp-content\/uploads\/2025\/04\/THE-TRIALS-1-768x1086.png 768w, https:\/\/dramagroup.com\/wp-content\/uploads\/2025\/04\/THE-TRIALS-1-1086x1536.png 1086w, https:\/\/dramagroup.com\/wp-content\/uploads\/2025\/04\/THE-TRIALS-1-1448x2048.png 1448w, https:\/\/dramagroup.com\/wp-content\/uploads\/2025\/04\/THE-TRIALS-1-1200x1698.png 1200w, https:\/\/dramagroup.com\/wp-content\/uploads\/2025\/04\/THE-TRIALS-1.png 1587w\" sizes=\"auto, (max-width: 724px) 85vw, 724px\" \/><\/figure>\n\n\n\n<figure class=\"wp-block-image size-large\"><img loading=\"lazy\" decoding=\"async\" width=\"600\" height=\"900\" data-id=\"412\" src=\"https:\/\/dramagroup.com\/wp-content\/uploads\/2024\/12\/Documents-A4-Noel-Invitation-Rouge-et-Noir-.png\" alt=\"\" class=\"wp-image-412\" srcset=\"https:\/\/dramagroup.com\/wp-content\/uploads\/2024\/12\/Documents-A4-Noel-Invitation-Rouge-et-Noir-.png 600w, https:\/\/dramagroup.com\/wp-content\/uploads\/2024\/12\/Documents-A4-Noel-Invitation-Rouge-et-Noir--200x300.png 200w\" sizes=\"auto, (max-width: 600px) 85vw, 600px\" \/><\/figure>\n\n\n\n<figure class=\"wp-block-image size-large\"><img loading=\"lazy\" decoding=\"async\" width=\"768\" height=\"1024\" data-id=\"397\" src=\"https:\/\/dramagroup.com\/wp-content\/uploads\/2024\/11\/Rose-Pastel-Affiche-Concert-Evenement-Musique-Simple-1-768x1024.png\" alt=\"\" class=\"wp-image-397\" srcset=\"https:\/\/dramagroup.com\/wp-content\/uploads\/2024\/11\/Rose-Pastel-Affiche-Concert-Evenement-Musique-Simple-1-768x1024.png 768w, https:\/\/dramagroup.com\/wp-content\/uploads\/2024\/11\/Rose-Pastel-Affiche-Concert-Evenement-Musique-Simple-1-225x300.png 225w, https:\/\/dramagroup.com\/wp-content\/uploads\/2024\/11\/Rose-Pastel-Affiche-Concert-Evenement-Musique-Simple-1-1152x1536.png 1152w, https:\/\/dramagroup.com\/wp-content\/uploads\/2024\/11\/Rose-Pastel-Affiche-Concert-Evenement-Musique-Simple-1-1536x2048.png 1536w, https:\/\/dramagroup.com\/wp-content\/uploads\/2024\/11\/Rose-Pastel-Affiche-Concert-Evenement-Musique-Simple-1-1200x1600.png 1200w\" sizes=\"auto, (max-width: 768px) 85vw, 768px\" \/><\/figure>\n\n\n\n<figure class=\"wp-block-image size-large\"><img loading=\"lazy\" decoding=\"async\" width=\"521\" height=\"736\" data-id=\"380\" src=\"https:\/\/dramagroup.com\/wp-content\/uploads\/2024\/03\/Capture-decran-2024-03-29-193445.png\" alt=\"\" class=\"wp-image-380\" srcset=\"https:\/\/dramagroup.com\/wp-content\/uploads\/2024\/03\/Capture-decran-2024-03-29-193445.png 521w, https:\/\/dramagroup.com\/wp-content\/uploads\/2024\/03\/Capture-decran-2024-03-29-193445-212x300.png 212w\" sizes=\"auto, (max-width: 521px) 85vw, 521px\" \/><\/figure>\n\n\n\n<figure class=\"wp-block-image size-large\"><img loading=\"lazy\" decoding=\"async\" width=\"724\" height=\"1024\" data-id=\"357\" src=\"https:\/\/dramagroup.com\/wp-content\/uploads\/2023\/10\/Cinderella-1-724x1024.jpg\" alt=\"\" class=\"wp-image-357\" srcset=\"https:\/\/dramagroup.com\/wp-content\/uploads\/2023\/10\/Cinderella-1-724x1024.jpg 724w, https:\/\/dramagroup.com\/wp-content\/uploads\/2023\/10\/Cinderella-1-212x300.jpg 212w, https:\/\/dramagroup.com\/wp-content\/uploads\/2023\/10\/Cinderella-1-768x1086.jpg 768w, https:\/\/dramagroup.com\/wp-content\/uploads\/2023\/10\/Cinderella-1-1086x1536.jpg 1086w, https:\/\/dramagroup.com\/wp-content\/uploads\/2023\/10\/Cinderella-1-1448x2048.jpg 1448w, https:\/\/dramagroup.com\/wp-content\/uploads\/2023\/10\/Cinderella-1-1200x1698.jpg 1200w, https:\/\/dramagroup.com\/wp-content\/uploads\/2023\/10\/Cinderella-1.jpg 1587w\" sizes=\"auto, (max-width: 724px) 85vw, 724px\" \/><\/figure>\n\n\n\n<figure class=\"wp-block-image size-large\"><img loading=\"lazy\" decoding=\"async\" width=\"724\" height=\"1024\" data-id=\"344\" src=\"https:\/\/dramagroup.com\/wp-content\/uploads\/2023\/05\/Loves-A-Luxury-1-724x1024.png\" alt=\"\" class=\"wp-image-344\" srcset=\"https:\/\/dramagroup.com\/wp-content\/uploads\/2023\/05\/Loves-A-Luxury-1-724x1024.png 724w, https:\/\/dramagroup.com\/wp-content\/uploads\/2023\/05\/Loves-A-Luxury-1-212x300.png 212w, https:\/\/dramagroup.com\/wp-content\/uploads\/2023\/05\/Loves-A-Luxury-1-768x1086.png 768w, https:\/\/dramagroup.com\/wp-content\/uploads\/2023\/05\/Loves-A-Luxury-1-1086x1536.png 1086w, https:\/\/dramagroup.com\/wp-content\/uploads\/2023\/05\/Loves-A-Luxury-1-1448x2048.png 1448w, https:\/\/dramagroup.com\/wp-content\/uploads\/2023\/05\/Loves-A-Luxury-1-1200x1698.png 1200w, https:\/\/dramagroup.com\/wp-content\/uploads\/2023\/05\/Loves-A-Luxury-1.png 1587w\" sizes=\"auto, (max-width: 724px) 85vw, 724px\" \/><\/figure>\n\n\n\n<figure class=\"wp-block-image size-large\"><img loading=\"lazy\" decoding=\"async\" width=\"724\" height=\"1024\" data-id=\"337\" src=\"https:\/\/dramagroup.com\/wp-content\/uploads\/2022\/12\/Goldilocks-1-724x1024.png\" alt=\"\" class=\"wp-image-337\" srcset=\"https:\/\/dramagroup.com\/wp-content\/uploads\/2022\/12\/Goldilocks-1-724x1024.png 724w, https:\/\/dramagroup.com\/wp-content\/uploads\/2022\/12\/Goldilocks-1-212x300.png 212w, https:\/\/dramagroup.com\/wp-content\/uploads\/2022\/12\/Goldilocks-1-768x1086.png 768w, https:\/\/dramagroup.com\/wp-content\/uploads\/2022\/12\/Goldilocks-1-1086x1536.png 1086w, https:\/\/dramagroup.com\/wp-content\/uploads\/2022\/12\/Goldilocks-1-1448x2048.png 1448w, https:\/\/dramagroup.com\/wp-content\/uploads\/2022\/12\/Goldilocks-1-1200x1698.png 1200w, https:\/\/dramagroup.com\/wp-content\/uploads\/2022\/12\/Goldilocks-1.png 1587w\" sizes=\"auto, (max-width: 724px) 85vw, 724px\" \/><\/figure>\n\n\n\n<figure class=\"wp-block-image size-large\"><img loading=\"lazy\" decoding=\"async\" width=\"452\" height=\"640\" data-id=\"309\" src=\"https:\/\/dramagroup.com\/wp-content\/uploads\/2022\/10\/Final-Poster-1.jpg\" alt=\"\" class=\"wp-image-309\" srcset=\"https:\/\/dramagroup.com\/wp-content\/uploads\/2022\/10\/Final-Poster-1.jpg 452w, https:\/\/dramagroup.com\/wp-content\/uploads\/2022\/10\/Final-Poster-1-212x300.jpg 212w\" sizes=\"auto, (max-width: 452px) 85vw, 452px\" \/><\/figure>\n\n\n\n<figure class=\"wp-block-image size-large\"><img loading=\"lazy\" decoding=\"async\" width=\"724\" height=\"1024\" data-id=\"310\" src=\"https:\/\/dramagroup.com\/wp-content\/uploads\/2022\/10\/Drama-Group-Madness-2-724x1024.jpg\" alt=\"\" class=\"wp-image-310\" srcset=\"https:\/\/dramagroup.com\/wp-content\/uploads\/2022\/10\/Drama-Group-Madness-2-724x1024.jpg 724w, https:\/\/dramagroup.com\/wp-content\/uploads\/2022\/10\/Drama-Group-Madness-2-212x300.jpg 212w, https:\/\/dramagroup.com\/wp-content\/uploads\/2022\/10\/Drama-Group-Madness-2-768x1086.jpg 768w, https:\/\/dramagroup.com\/wp-content\/uploads\/2022\/10\/Drama-Group-Madness-2-1086x1536.jpg 1086w, https:\/\/dramagroup.com\/wp-content\/uploads\/2022\/10\/Drama-Group-Madness-2-1448x2048.jpg 1448w, https:\/\/dramagroup.com\/wp-content\/uploads\/2022\/10\/Drama-Group-Madness-2-1200x1698.jpg 1200w, https:\/\/dramagroup.com\/wp-content\/uploads\/2022\/10\/Drama-Group-Madness-2.jpg 1587w\" sizes=\"auto, (max-width: 724px) 85vw, 724px\" \/><\/figure>\n\n\n\n<figure class=\"wp-block-image size-large\"><img loading=\"lazy\" decoding=\"async\" width=\"360\" height=\"502\" data-id=\"313\" src=\"https:\/\/dramagroup.com\/wp-content\/uploads\/2022\/10\/ACC-1.png\" alt=\"\" class=\"wp-image-313\" srcset=\"https:\/\/dramagroup.com\/wp-content\/uploads\/2022\/10\/ACC-1.png 360w, https:\/\/dramagroup.com\/wp-content\/uploads\/2022\/10\/ACC-1-215x300.png 215w\" sizes=\"auto, (max-width: 360px) 85vw, 360px\" \/><\/figure>\n\n\n\n<figure class=\"wp-block-image size-large\"><img loading=\"lazy\" decoding=\"async\" width=\"354\" height=\"504\" data-id=\"265\" src=\"https:\/\/dramagroup.com\/wp-content\/uploads\/2022\/06\/MON-2.png\" alt=\"\" class=\"wp-image-265\" srcset=\"https:\/\/dramagroup.com\/wp-content\/uploads\/2022\/06\/MON-2.png 354w, https:\/\/dramagroup.com\/wp-content\/uploads\/2022\/06\/MON-2-211x300.png 211w\" sizes=\"auto, (max-width: 354px) 85vw, 354px\" \/><\/figure>\n\n\n\n<figure class=\"wp-block-image size-large\"><img loading=\"lazy\" decoding=\"async\" width=\"360\" height=\"506\" data-id=\"264\" src=\"https:\/\/dramagroup.com\/wp-content\/uploads\/2022\/06\/JGP-2.png\" alt=\"\" class=\"wp-image-264\" srcset=\"https:\/\/dramagroup.com\/wp-content\/uploads\/2022\/06\/JGP-2.png 360w, https:\/\/dramagroup.com\/wp-content\/uploads\/2022\/06\/JGP-2-213x300.png 213w\" sizes=\"auto, (max-width: 360px) 85vw, 360px\" \/><\/figure>\n\n\n\n<figure class=\"wp-block-image size-large\"><img loading=\"lazy\" decoding=\"async\" width=\"484\" height=\"688\" data-id=\"261\" src=\"https:\/\/dramagroup.com\/wp-content\/uploads\/2022\/06\/ACC-2019.png\" alt=\"\" class=\"wp-image-261\" srcset=\"https:\/\/dramagroup.com\/wp-content\/uploads\/2022\/06\/ACC-2019.png 484w, https:\/\/dramagroup.com\/wp-content\/uploads\/2022\/06\/ACC-2019-211x300.png 211w\" sizes=\"auto, (max-width: 484px) 85vw, 484px\" \/><\/figure>\n<\/figure>\n","protected":false},"excerpt":{"rendered":"<p>Chronological list of Plays by director The Drama Group\u2019s very first play-readings in the 1960\u2019s performed at the old Hotel Metropole were Dear Octopus and The Importance of Being Earnest. The 1970\u2019s saw readings of The Constant Wife, Candida, The Chalk Garden and their first stage play Love\u2019s a Luxury was performed at La Salle &hellip; <a href=\"https:\/\/dramagroup.com\/?page_id=22\" class=\"more-link\">Continue reading<span class=\"screen-reader-text\"> &#8220;Past Productions&#8221;<\/span><\/a><\/p>\n","protected":false},"author":1,"featured_media":0,"parent":0,"menu_order":0,"comment_status":"closed","ping_status":"closed","template":"","meta":{"footnotes":""},"class_list":["post-22","page","type-page","status-publish","hentry"],"_links":{"self":[{"href":"https:\/\/dramagroup.com\/index.php?rest_route=\/wp\/v2\/pages\/22","targetHints":{"allow":["GET"]}}],"collection":[{"href":"https:\/\/dramagroup.com\/index.php?rest_route=\/wp\/v2\/pages"}],"about":[{"href":"https:\/\/dramagroup.com\/index.php?rest_route=\/wp\/v2\/types\/page"}],"author":[{"embeddable":true,"href":"https:\/\/dramagroup.com\/index.php?rest_route=\/wp\/v2\/users\/1"}],"replies":[{"embeddable":true,"href":"https:\/\/dramagroup.com\/index.php?rest_route=%2Fwp%2Fv2%2Fcomments&post=22"}],"version-history":[{"count":30,"href":"https:\/\/dramagroup.com\/index.php?rest_route=\/wp\/v2\/pages\/22\/revisions"}],"predecessor-version":[{"id":472,"href":"https:\/\/dramagroup.com\/index.php?rest_route=\/wp\/v2\/pages\/22\/revisions\/472"}],"wp:attachment":[{"href":"https:\/\/dramagroup.com\/index.php?rest_route=%2Fwp%2Fv2%2Fmedia&parent=22"}],"curies":[{"name":"wp","href":"https:\/\/api.w.org\/{rel}","templated":true}]}}